{"id":821,"date":"2024-05-17T15:43:12","date_gmt":"2024-05-17T15:43:12","guid":{"rendered":"https:\/\/selmagul.com\/?page_id=821"},"modified":"2024-05-28T08:12:10","modified_gmt":"2024-05-28T08:12:10","slug":"elegance-style-bebek-mendili","status":"publish","type":"page","link":"https:\/\/selmagul.com\/tr\/elegance-style-bebek-mendili\/","title":{"rendered":"Elegance Style Bebek Mendili"},"content":{"rendered":"\t\t<div data-elementor-type=\"wp-page\" data-elementor-id=\"821\" class=\"elementor elementor-821 elementor-453\" data-elementor-post-type=\"page\">\n\t\t\t\t\t\t<section class=\"elementor-section elementor-top-section elementor-element elementor-element-258712f2 elementor-section-full_width elementor-section-stretched elementor-section-height-default elementor-section-height-default\" data-id=\"258712f2\" data-element_type=\"section\" data-settings=\"{&quot;background_background&quot;:&quot;classic&quot;,&quot;stretch_section&quot;:&quot;section-stretched&quot;}\">\n\t\t\t\t\t\t\t<div class=\"elementor-background-overlay\"><\/div>\n\t\t\t\t\t\t\t<div class=\"elementor-container elementor-column-gap-no\">\n\t\t\t\t\t<div class=\"elementor-column elementor-col-100 elementor-top-column elementor-element elementor-element-5187db0e\" data-id=\"5187db0e\" data-element_type=\"column\">\n\t\t\t<div class=\"elementor-widget-wrap elementor-element-populated\">\n\t\t\t\t\t\t<div class=\"elementor-element elementor-element-7b385e2c elementor-widget-divider--view-line_text elementor-widget-divider--element-align-center elementor-widget elementor-widget-divider\" data-id=\"7b385e2c\" data-element_type=\"widget\" data-settings=\"{&quot;_animation&quot;:&quot;none&quot;}\" data-widget_type=\"divider.default\">\n\t\t\t\t<div class=\"elementor-widget-container\">\n\t\t\t\t\t<div class=\"elementor-divider\">\n\t\t\t<span class=\"elementor-divider-separator\">\n\t\t\t\t\t\t\t<div class=\"elementor-divider__text elementor-divider__element\">\n\t\t\t\tSELMA G\u00dcL\t\t\t\t<\/div>\n\t\t\t\t\t\t<\/span>\n\t\t<\/div>\n\t\t\t\t<\/div>\n\t\t\t\t<\/div>\n\t\t\t\t<div class=\"elementor-element elementor-element-7656e53e elementor-widget elementor-widget-heading\" data-id=\"7656e53e\" data-element_type=\"widget\" data-settings=\"{&quot;_animation&quot;:&quot;none&quot;}\" data-widget_type=\"heading.default\">\n\t\t\t\t<div class=\"elementor-widget-container\">\n\t\t\t<h1 class=\"elementor-heading-title elementor-size-default\">Elegance Style Bebek Mendili<\/h1>\t\t<\/div>\n\t\t\t\t<\/div>\n\t\t\t\t<div class=\"elementor-element elementor-element-08be936 elementor-icon-list--layout-inline elementor-align-center elementor-list-item-link-full_width elementor-widget elementor-widget-icon-list\" data-id=\"08be936\" data-element_type=\"widget\" data-settings=\"{&quot;_animation&quot;:&quot;none&quot;}\" data-widget_type=\"icon-list.default\">\n\t\t\t\t<div class=\"elementor-widget-container\">\n\t\t\t\t\t<ul class=\"elementor-icon-list-items elementor-inline-items\">\n\t\t\t\t\t\t\t<li class=\"elementor-icon-list-item elementor-inline-item\">\n\t\t\t\t\t\t\t\t\t\t\t<span class=\"elementor-icon-list-icon\">\n\t\t\t\t\t\t\t<svg aria-hidden=\"true\" class=\"e-font-icon-svg e-fas-home\" viewBox=\"0 0 576 512\" xmlns=\"http:\/\/www.w3.org\/2000\/svg\"><path d=\"M280.37 148.26L96 300.11V464a16 16 0 0 0 16 16l112.06-.29a16 16 0 0 0 15.92-16V368a16 16 0 0 1 16-16h64a16 16 0 0 1 16 16v95.64a16 16 0 0 0 16 16.05L464 480a16 16 0 0 0 16-16V300L295.67 148.26a12.19 12.19 0 0 0-15.3 0zM571.6 251.47L488 182.56V44.05a12 12 0 0 0-12-12h-56a12 12 0 0 0-12 12v72.61L318.47 43a48 48 0 0 0-61 0L4.34 251.47a12 12 0 0 0-1.6 16.9l25.5 31A12 12 0 0 0 45.15 301l235.22-193.74a12.19 12.19 0 0 1 15.3 0L530.9 301a12 12 0 0 0 16.9-1.6l25.5-31a12 12 0 0 0-1.7-16.93z\"><\/path><\/svg>\t\t\t\t\t\t<\/span>\n\t\t\t\t\t\t\t\t\t\t<span class=\"elementor-icon-list-text\">Home<\/span>\n\t\t\t\t\t\t\t\t\t<\/li>\n\t\t\t\t\t\t\t\t<li class=\"elementor-icon-list-item elementor-inline-item\">\n\t\t\t\t\t\t\t\t\t\t\t<span class=\"elementor-icon-list-icon\">\n\t\t\t\t\t\t\t<svg aria-hidden=\"true\" class=\"e-font-icon-svg e-fas-angle-right\" viewBox=\"0 0 256 512\" xmlns=\"http:\/\/www.w3.org\/2000\/svg\"><path d=\"M224.3 273l-136 136c-9.4 9.4-24.6 9.4-33.9 0l-22.6-22.6c-9.4-9.4-9.4-24.6 0-33.9l96.4-96.4-96.4-96.4c-9.4-9.4-9.4-24.6 0-33.9L54.3 103c9.4-9.4 24.6-9.4 33.9 0l136 136c9.5 9.4 9.5 24.6.1 34z\"><\/path><\/svg>\t\t\t\t\t\t<\/span>\n\t\t\t\t\t\t\t\t\t\t<span class=\"elementor-icon-list-text\">\u00dcr\u00fcnler<\/span>\n\t\t\t\t\t\t\t\t\t<\/li>\n\t\t\t\t\t\t\t\t<li class=\"elementor-icon-list-item elementor-inline-item\">\n\t\t\t\t\t\t\t\t\t\t\t<span class=\"elementor-icon-list-icon\">\n\t\t\t\t\t\t\t<svg aria-hidden=\"true\" class=\"e-font-icon-svg e-fas-angle-right\" viewBox=\"0 0 256 512\" xmlns=\"http:\/\/www.w3.org\/2000\/svg\"><path d=\"M224.3 273l-136 136c-9.4 9.4-24.6 9.4-33.9 0l-22.6-22.6c-9.4-9.4-9.4-24.6 0-33.9l96.4-96.4-96.4-96.4c-9.4-9.4-9.4-24.6 0-33.9L54.3 103c9.4-9.4 24.6-9.4 33.9 0l136 136c9.5 9.4 9.5 24.6.1 34z\"><\/path><\/svg>\t\t\t\t\t\t<\/span>\n\t\t\t\t\t\t\t\t\t\t<span class=\"elementor-icon-list-text\">\u0131slak mendil<\/span>\n\t\t\t\t\t\t\t\t\t<\/li>\n\t\t\t\t\t\t\t\t<li class=\"elementor-icon-list-item elementor-inline-item\">\n\t\t\t\t\t\t\t\t\t\t\t<span class=\"elementor-icon-list-icon\">\n\t\t\t\t\t\t\t<svg aria-hidden=\"true\" class=\"e-font-icon-svg e-fas-angle-right\" viewBox=\"0 0 256 512\" xmlns=\"http:\/\/www.w3.org\/2000\/svg\"><path d=\"M224.3 273l-136 136c-9.4 9.4-24.6 9.4-33.9 0l-22.6-22.6c-9.4-9.4-9.4-24.6 0-33.9l96.4-96.4-96.4-96.4c-9.4-9.4-9.4-24.6 0-33.9L54.3 103c9.4-9.4 24.6-9.4 33.9 0l136 136c9.5 9.4 9.5 24.6.1 34z\"><\/path><\/svg>\t\t\t\t\t\t<\/span>\n\t\t\t\t\t\t\t\t\t\t<span class=\"elementor-icon-list-text\"><\/span>\n\t\t\t\t\t\t\t\t\t<\/li>\n\t\t\t\t\t\t<\/ul>\n\t\t\t\t<\/div>\n\t\t\t\t<\/div>\n\t\t\t\t\t<\/div>\n\t\t<\/div>\n\t\t\t\t\t<\/div>\n\t\t<\/section>\n\t\t\t\t<section class=\"elementor-section elementor-top-section elementor-element elementor-element-394ee43 elementor-section-height-min-height elementor-section-boxed elementor-section-height-default elementor-section-items-middle\" data-id=\"394ee43\" data-element_type=\"section\">\n\t\t\t\t\t\t<div class=\"elementor-container elementor-column-gap-default\">\n\t\t\t\t\t<div class=\"elementor-column elementor-col-50 elementor-top-column elementor-element elementor-element-68e868d\" data-id=\"68e868d\" data-element_type=\"column\">\n\t\t\t<div class=\"elementor-widget-wrap elementor-element-populated\">\n\t\t\t\t\t\t<div class=\"elementor-element elementor-element-039e90b elementor-headline--style-highlight elementor-widget elementor-widget-animated-headline\" data-id=\"039e90b\" data-element_type=\"widget\" data-settings=\"{&quot;highlighted_text&quot;:&quot;Mendili&quot;,&quot;marker&quot;:&quot;underline&quot;,&quot;headline_style&quot;:&quot;highlight&quot;,&quot;loop&quot;:&quot;yes&quot;,&quot;highlight_animation_duration&quot;:1200,&quot;highlight_iteration_delay&quot;:8000}\" data-widget_type=\"animated-headline.default\">\n\t\t\t\t<div class=\"elementor-widget-container\">\n\t\t\t\t\t<h3 class=\"elementor-headline\">\n\t\t\t\t\t<span class=\"elementor-headline-plain-text elementor-headline-text-wrapper\">Elegance Style Bebek <\/span>\n\t\t\t\t<span class=\"elementor-headline-dynamic-wrapper elementor-headline-text-wrapper\">\n\t\t\t\t\t<span class=\"elementor-headline-dynamic-text elementor-headline-text-active\">Mendili<\/span>\n\t\t\t\t<\/span>\n\t\t\t\t<\/h3>\n\t\t\t\t<\/div>\n\t\t\t\t<\/div>\n\t\t\t\t<div class=\"elementor-element elementor-element-0e2c87e elementor-icon-list--layout-traditional elementor-list-item-link-full_width elementor-widget elementor-widget-icon-list\" data-id=\"0e2c87e\" data-element_type=\"widget\" data-widget_type=\"icon-list.default\">\n\t\t\t\t<div class=\"elementor-widget-container\">\n\t\t\t\t\t<ul class=\"elementor-icon-list-items\">\n\t\t\t\t\t\t\t<li class=\"elementor-icon-list-item\">\n\t\t\t\t\t\t\t\t\t\t<span class=\"elementor-icon-list-text\">Say\u0131 mevcut: 90<\/span>\n\t\t\t\t\t\t\t\t\t<\/li>\n\t\t\t\t\t\t\t\t<li class=\"elementor-icon-list-item\">\n\t\t\t\t\t\t\t\t\t\t<span class=\"elementor-icon-list-text\">Say\u0131 mevcut: 100<\/span>\n\t\t\t\t\t\t\t\t\t<\/li>\n\t\t\t\t\t\t\t\t<li class=\"elementor-icon-list-item\">\n\t\t\t\t\t\t\t\t\t\t<span class=\"elementor-icon-list-text\">Say\u0131 mevcut: 120<\/span>\n\t\t\t\t\t\t\t\t\t<\/li>\n\t\t\t\t\t\t<\/ul>\n\t\t\t\t<\/div>\n\t\t\t\t<\/div>\n\t\t\t\t\t<\/div>\n\t\t<\/div>\n\t\t\t\t<div class=\"elementor-column elementor-col-50 elementor-top-column elementor-element elementor-element-0deeca5\" data-id=\"0deeca5\" data-element_type=\"column\">\n\t\t\t<div class=\"elementor-widget-wrap elementor-element-populated\">\n\t\t\t\t\t\t<div class=\"elementor-element elementor-element-a8aced5 elementor-arrows-position-inside elementor-pagination-position-outside elementor-widget elementor-widget-image-carousel\" data-id=\"a8aced5\" data-element_type=\"widget\" data-settings=\"{&quot;slides_to_show&quot;:&quot;1&quot;,&quot;navigation&quot;:&quot;both&quot;,&quot;autoplay&quot;:&quot;yes&quot;,&quot;pause_on_hover&quot;:&quot;yes&quot;,&quot;pause_on_interaction&quot;:&quot;yes&quot;,&quot;autoplay_speed&quot;:5000,&quot;infinite&quot;:&quot;yes&quot;,&quot;effect&quot;:&quot;slide&quot;,&quot;speed&quot;:500}\" data-widget_type=\"image-carousel.default\">\n\t\t\t\t<div class=\"elementor-widget-container\">\n\t\t\t\t\t<div class=\"elementor-image-carousel-wrapper swiper\" dir=\"ltr\">\n\t\t\t<div class=\"elementor-image-carousel swiper-wrapper\" aria-live=\"off\">\n\t\t\t\t\t\t\t\t<div class=\"swiper-slide\" role=\"group\" aria-roledescription=\"slide\" aria-label=\"1 of 2\"><a data-elementor-open-lightbox=\"yes\" data-elementor-lightbox-slideshow=\"a8aced5\" data-elementor-lightbox-title=\"\u0645\u0646\u0627\u062f\u064a\u0644 \u0645\u0628\u0644\u0644\u0629 \u0627\u064a\u0644\u063a\u0627\u0646\u0633 \u0628\u064a\u0628\u064a2\" data-elementor-lightbox-description=\"\u0645\u0646\u0627\u062f\u064a\u0644 \u0645\u0628\u0644\u0644\u0629 \u0627\u064a\u0644\u063a\u0627\u0646\u0633 \u0628\u064a\u0628\u064a\" data-e-action-hash=\"#elementor-action%3Aaction%3Dlightbox%26settings%3DeyJpZCI6MTIyOSwidXJsIjoiaHR0cHM6XC9cL3NlbG1hZ3VsLmNvbVwvd3AtY29udGVudFwvdXBsb2Fkc1wvMjAyNFwvMDVcL1x1MDY0NVx1MDY0Nlx1MDYyN1x1MDYyZlx1MDY0YVx1MDY0NC1cdTA2NDVcdTA2MjhcdTA2NDRcdTA2NDRcdTA2MjktXHUwNjI3XHUwNjRhXHUwNjQ0XHUwNjNhXHUwNjI3XHUwNjQ2XHUwNjMzLVx1MDYyOFx1MDY0YVx1MDYyOFx1MDY0YTIucG5nIiwic2xpZGVzaG93IjoiYThhY2VkNSJ9\" href=\"https:\/\/selmagul.com\/wp-content\/uploads\/2024\/05\/\u0645\u0646\u0627\u062f\u064a\u0644-\u0645\u0628\u0644\u0644\u0629-\u0627\u064a\u0644\u063a\u0627\u0646\u0633-\u0628\u064a\u0628\u064a2.png\"><figure class=\"swiper-slide-inner\"><img decoding=\"async\" class=\"swiper-slide-image\" src=\"https:\/\/selmagul.com\/wp-content\/uploads\/2024\/05\/\u0645\u0646\u0627\u062f\u064a\u0644-\u0645\u0628\u0644\u0644\u0629-\u0627\u064a\u0644\u063a\u0627\u0646\u0633-\u0628\u064a\u0628\u064a2.png\" alt=\"\u0645\u0646\u0627\u062f\u064a\u0644 \u0645\u0628\u0644\u0644\u0629 \u0627\u064a\u0644\u063a\u0627\u0646\u0633 \u0628\u064a\u0628\u064a\" \/><figcaption class=\"elementor-image-carousel-caption\">\u0645\u0646\u0627\u062f\u064a\u0644 \u0645\u0628\u0644\u0644\u0629 \u0627\u064a\u0644\u063a\u0627\u0646\u0633 \u0628\u064a\u0628\u064a<\/figcaption><\/figure><\/a><\/div><div class=\"swiper-slide\" role=\"group\" aria-roledescription=\"slide\" aria-label=\"2 of 2\"><a data-elementor-open-lightbox=\"yes\" data-elementor-lightbox-slideshow=\"a8aced5\" data-elementor-lightbox-title=\"\u0645\u0646\u0627\u062f\u064a\u0644 \u0645\u0628\u0644\u0644\u0629 \u0627\u064a\u0644\u063a\u0627\u0646\u0633 \u0628\u064a\u0628\u064a\" data-elementor-lightbox-description=\"\u0645\u0646\u0627\u062f\u064a\u0644 \u0645\u0628\u0644\u0644\u0629 \u0627\u064a\u0644\u063a\u0627\u0646\u0633 \u0628\u064a\u0628\u064a\" data-e-action-hash=\"#elementor-action%3Aaction%3Dlightbox%26settings%3DeyJpZCI6MTE3MywidXJsIjoiaHR0cHM6XC9cL3NlbG1hZ3VsLmNvbVwvd3AtY29udGVudFwvdXBsb2Fkc1wvMjAyNFwvMDVcL1x1MDY0NVx1MDY0Nlx1MDYyN1x1MDYyZlx1MDY0YVx1MDY0NC1cdTA2NDVcdTA2MjhcdTA2NDRcdTA2NDRcdTA2MjktXHUwNjI3XHUwNjRhXHUwNjQ0XHUwNjNhXHUwNjI3XHUwNjQ2XHUwNjMzLVx1MDYyOFx1MDY0YVx1MDYyOFx1MDY0YS5wbmciLCJzbGlkZXNob3ciOiJhOGFjZWQ1In0%3D\" href=\"https:\/\/selmagul.com\/wp-content\/uploads\/2024\/05\/\u0645\u0646\u0627\u062f\u064a\u0644-\u0645\u0628\u0644\u0644\u0629-\u0627\u064a\u0644\u063a\u0627\u0646\u0633-\u0628\u064a\u0628\u064a.png\"><figure class=\"swiper-slide-inner\"><img decoding=\"async\" class=\"swiper-slide-image\" src=\"https:\/\/selmagul.com\/wp-content\/uploads\/2024\/05\/\u0645\u0646\u0627\u062f\u064a\u0644-\u0645\u0628\u0644\u0644\u0629-\u0627\u064a\u0644\u063a\u0627\u0646\u0633-\u0628\u064a\u0628\u064a.png\" alt=\"\u0645\u0646\u0627\u062f\u064a\u0644 \u0645\u0628\u0644\u0644\u0629 \u0627\u064a\u0644\u063a\u0627\u0646\u0633 \u0628\u064a\u0628\u064a\" \/><figcaption class=\"elementor-image-carousel-caption\">\u0645\u0646\u0627\u062f\u064a\u0644 \u0645\u0628\u0644\u0644\u0629 \u0627\u064a\u0644\u063a\u0627\u0646\u0633 \u0628\u064a\u0628\u064a<\/figcaption><\/figure><\/a><\/div>\t\t\t<\/div>\n\t\t\t\t\t\t\t\t\t\t\t\t<div class=\"elementor-swiper-button elementor-swiper-button-prev\" role=\"button\" tabindex=\"0\">\n\t\t\t\t\t\t<svg aria-hidden=\"true\" class=\"e-font-icon-svg e-eicon-chevron-left\" viewBox=\"0 0 1000 1000\" xmlns=\"http:\/\/www.w3.org\/2000\/svg\"><path d=\"M646 125C629 125 613 133 604 142L308 442C296 454 292 471 292 487 292 504 296 521 308 533L604 854C617 867 629 875 646 875 663 875 679 871 692 858 704 846 713 829 713 812 713 796 708 779 692 767L438 487 692 225C700 217 708 204 708 187 708 171 704 154 692 142 675 129 663 125 646 125Z\"><\/path><\/svg>\t\t\t\t\t<\/div>\n\t\t\t\t\t<div class=\"elementor-swiper-button elementor-swiper-button-next\" role=\"button\" tabindex=\"0\">\n\t\t\t\t\t\t<svg aria-hidden=\"true\" class=\"e-font-icon-svg e-eicon-chevron-right\" viewBox=\"0 0 1000 1000\" xmlns=\"http:\/\/www.w3.org\/2000\/svg\"><path d=\"M696 533C708 521 713 504 713 487 713 471 708 454 696 446L400 146C388 133 375 125 354 125 338 125 325 129 313 142 300 154 292 171 292 187 292 204 296 221 308 233L563 492 304 771C292 783 288 800 288 817 288 833 296 850 308 863 321 871 338 875 354 875 371 875 388 867 400 854L696 533Z\"><\/path><\/svg>\t\t\t\t\t<\/div>\n\t\t\t\t\n\t\t\t\t\t\t\t\t\t<div class=\"swiper-pagination\"><\/div>\n\t\t\t\t\t\t\t\t\t<\/div>\n\t\t\t\t<\/div>\n\t\t\t\t<\/div>\n\t\t\t\t\t<\/div>\n\t\t<\/div>\n\t\t\t\t\t<\/div>\n\t\t<\/section>\n\t\t\t\t<\/div>\n\t\t","protected":false},"excerpt":{"rendered":"<p>SELMA G\u00dcL Elegance Style Bebek Mendili Home \u00dcr\u00fcnler \u0131slak mendil Elegance Style Bebek Mendili Say\u0131 mevcut: 90 Say\u0131 mevcut: 100 Say\u0131 mevcut: 120 \u0645\u0646\u0627\u062f\u064a\u0644 \u0645\u0628\u0644\u0644\u0629 \u0627\u064a\u0644\u063a\u0627\u0646\u0633 \u0628\u064a\u0628\u064a \u0645\u0646\u0627\u062f\u064a\u0644 \u0645\u0628\u0644\u0644\u0629 \u0627\u064a\u0644\u063a\u0627\u0646\u0633 \u0628\u064a\u0628\u064a<\/p>\n","protected":false},"author":1,"featured_media":0,"parent":0,"menu_order":0,"comment_status":"closed","ping_status":"closed","template":"elementor_header_footer","meta":{"footnotes":""},"class_list":["post-821","page","type-page","status-publish","hentry"],"yoast_head":"<!-- This site is optimized with the Yoast SEO plugin v24.0 - https:\/\/yoast.com\/wordpress\/plugins\/seo\/ -->\n<title>Elegance Style Bebek Mendili - Selmagul<\/title>\n<meta name=\"robots\" content=\"index, follow, max-snippet:-1, max-image-preview:large, max-video-preview:-1\" \/>\n<link rel=\"canonical\" href=\"https:\/\/selmagul.com\/tr\/elegance-style-bebek-mendili\/\" \/>\n<meta property=\"og:locale\" content=\"tr_TR\" \/>\n<meta property=\"og:type\" content=\"article\" \/>\n<meta property=\"og:title\" content=\"Elegance Style Bebek Mendili - Selmagul\" \/>\n<meta property=\"og:description\" content=\"SELMA G\u00dcL Elegance Style Bebek Mendili Home \u00dcr\u00fcnler \u0131slak mendil Elegance Style Bebek Mendili Say\u0131 mevcut: 90 Say\u0131 mevcut: 100 Say\u0131 mevcut: 120 \u0645\u0646\u0627\u062f\u064a\u0644 \u0645\u0628\u0644\u0644\u0629 \u0627\u064a\u0644\u063a\u0627\u0646\u0633 \u0628\u064a\u0628\u064a \u0645\u0646\u0627\u062f\u064a\u0644 \u0645\u0628\u0644\u0644\u0629 \u0627\u064a\u0644\u063a\u0627\u0646\u0633 \u0628\u064a\u0628\u064a\" \/>\n<meta property=\"og:url\" content=\"https:\/\/selmagul.com\/tr\/elegance-style-bebek-mendili\/\" \/>\n<meta property=\"og:site_name\" content=\"Selmagul\" \/>\n<meta property=\"article:publisher\" content=\"https:\/\/www.facebook.com\/selmagulsaglik\" \/>\n<meta property=\"article:modified_time\" content=\"2024-05-28T08:12:10+00:00\" \/>\n<meta name=\"twitter:card\" content=\"summary_large_image\" \/>\n<meta name=\"twitter:site\" content=\"@selmagulsaglik\" \/>\n<script type=\"application\/ld+json\" class=\"yoast-schema-graph\">{\"@context\":\"https:\/\/schema.org\",\"@graph\":[{\"@type\":\"WebPage\",\"@id\":\"https:\/\/selmagul.com\/tr\/elegance-style-bebek-mendili\/\",\"url\":\"https:\/\/selmagul.com\/tr\/elegance-style-bebek-mendili\/\",\"name\":\"Elegance Style Bebek Mendili - Selmagul\",\"isPartOf\":{\"@id\":\"https:\/\/selmagul.com\/tr\/#website\"},\"datePublished\":\"2024-05-17T15:43:12+00:00\",\"dateModified\":\"2024-05-28T08:12:10+00:00\",\"breadcrumb\":{\"@id\":\"https:\/\/selmagul.com\/tr\/elegance-style-bebek-mendili\/#breadcrumb\"},\"inLanguage\":\"tr-TR\",\"potentialAction\":[{\"@type\":\"ReadAction\",\"target\":[\"https:\/\/selmagul.com\/tr\/elegance-style-bebek-mendili\/\"]}]},{\"@type\":\"BreadcrumbList\",\"@id\":\"https:\/\/selmagul.com\/tr\/elegance-style-bebek-mendili\/#breadcrumb\",\"itemListElement\":[{\"@type\":\"ListItem\",\"position\":1,\"name\":\"\u0627\u0644\u0631\u0626\u064a\u0633\u064a\u0629\",\"item\":\"https:\/\/selmagul.com\/tr\/\"},{\"@type\":\"ListItem\",\"position\":2,\"name\":\"Elegance Style Bebek Mendili\"}]},{\"@type\":\"WebSite\",\"@id\":\"https:\/\/selmagul.com\/tr\/#website\",\"url\":\"https:\/\/selmagul.com\/tr\/\",\"name\":\"Selmagul\",\"description\":\"\u0634\u0631\u0643\u0629 \u0633\u0644\u0645\u0649 \u063a\u0648\u0644 \u0644\u0635\u0646\u0627\u0639\u0629 \u062d\u0641\u0627\u0638\u0627\u062a \u0627\u0644\u0623\u0637\u0641\u0627\u0644 \u0648\u0627\u0644\u0645\u0646\u0627\u062f\u064a\u0644 \u0627\u0644\u0645\u0628\u0644\u0644\u0629\",\"publisher\":{\"@id\":\"https:\/\/selmagul.com\/tr\/#organization\"},\"potentialAction\":[{\"@type\":\"SearchAction\",\"target\":{\"@type\":\"EntryPoint\",\"urlTemplate\":\"https:\/\/selmagul.com\/tr\/?s={search_term_string}\"},\"query-input\":{\"@type\":\"PropertyValueSpecification\",\"valueRequired\":true,\"valueName\":\"search_term_string\"}}],\"inLanguage\":\"tr-TR\"},{\"@type\":\"Organization\",\"@id\":\"https:\/\/selmagul.com\/tr\/#organization\",\"name\":\"Selmagul\",\"url\":\"https:\/\/selmagul.com\/tr\/\",\"logo\":{\"@type\":\"ImageObject\",\"inLanguage\":\"tr-TR\",\"@id\":\"https:\/\/selmagul.com\/tr\/#\/schema\/logo\/image\/\",\"url\":\"https:\/\/selmagul.com\/wp-content\/uploads\/2024\/05\/SELMAGUL-LOGO-1.png\",\"contentUrl\":\"https:\/\/selmagul.com\/wp-content\/uploads\/2024\/05\/SELMAGUL-LOGO-1.png\",\"width\":300,\"height\":150,\"caption\":\"Selmagul\"},\"image\":{\"@id\":\"https:\/\/selmagul.com\/tr\/#\/schema\/logo\/image\/\"},\"sameAs\":[\"https:\/\/www.facebook.com\/selmagulsaglik\",\"https:\/\/x.com\/selmagulsaglik\",\"https:\/\/www.tiktok.com\/@selmagulsaglik\",\"https:\/\/www.instagram.com\/selmagulsaglik\/\",\"https:\/\/www.youtube.com\/@SelmaGulSaglik\"]}]}<\/script>\n<!-- \/ Yoast SEO plugin. -->","yoast_head_json":{"title":"Elegance Style Bebek Mendili - Selmagul","robots":{"index":"index","follow":"follow","max-snippet":"max-snippet:-1","max-image-preview":"max-image-preview:large","max-video-preview":"max-video-preview:-1"},"canonical":"https:\/\/selmagul.com\/tr\/elegance-style-bebek-mendili\/","og_locale":"tr_TR","og_type":"article","og_title":"Elegance Style Bebek Mendili - Selmagul","og_description":"SELMA G\u00dcL Elegance Style Bebek Mendili Home \u00dcr\u00fcnler \u0131slak mendil Elegance Style Bebek Mendili Say\u0131 mevcut: 90 Say\u0131 mevcut: 100 Say\u0131 mevcut: 120 \u0645\u0646\u0627\u062f\u064a\u0644 \u0645\u0628\u0644\u0644\u0629 \u0627\u064a\u0644\u063a\u0627\u0646\u0633 \u0628\u064a\u0628\u064a \u0645\u0646\u0627\u062f\u064a\u0644 \u0645\u0628\u0644\u0644\u0629 \u0627\u064a\u0644\u063a\u0627\u0646\u0633 \u0628\u064a\u0628\u064a","og_url":"https:\/\/selmagul.com\/tr\/elegance-style-bebek-mendili\/","og_site_name":"Selmagul","article_publisher":"https:\/\/www.facebook.com\/selmagulsaglik","article_modified_time":"2024-05-28T08:12:10+00:00","twitter_card":"summary_large_image","twitter_site":"@selmagulsaglik","schema":{"@context":"https:\/\/schema.org","@graph":[{"@type":"WebPage","@id":"https:\/\/selmagul.com\/tr\/elegance-style-bebek-mendili\/","url":"https:\/\/selmagul.com\/tr\/elegance-style-bebek-mendili\/","name":"Elegance Style Bebek Mendili - Selmagul","isPartOf":{"@id":"https:\/\/selmagul.com\/tr\/#website"},"datePublished":"2024-05-17T15:43:12+00:00","dateModified":"2024-05-28T08:12:10+00:00","breadcrumb":{"@id":"https:\/\/selmagul.com\/tr\/elegance-style-bebek-mendili\/#breadcrumb"},"inLanguage":"tr-TR","potentialAction":[{"@type":"ReadAction","target":["https:\/\/selmagul.com\/tr\/elegance-style-bebek-mendili\/"]}]},{"@type":"BreadcrumbList","@id":"https:\/\/selmagul.com\/tr\/elegance-style-bebek-mendili\/#breadcrumb","itemListElement":[{"@type":"ListItem","position":1,"name":"\u0627\u0644\u0631\u0626\u064a\u0633\u064a\u0629","item":"https:\/\/selmagul.com\/tr\/"},{"@type":"ListItem","position":2,"name":"Elegance Style Bebek Mendili"}]},{"@type":"WebSite","@id":"https:\/\/selmagul.com\/tr\/#website","url":"https:\/\/selmagul.com\/tr\/","name":"Selmagul","description":"\u0634\u0631\u0643\u0629 \u0633\u0644\u0645\u0649 \u063a\u0648\u0644 \u0644\u0635\u0646\u0627\u0639\u0629 \u062d\u0641\u0627\u0638\u0627\u062a \u0627\u0644\u0623\u0637\u0641\u0627\u0644 \u0648\u0627\u0644\u0645\u0646\u0627\u062f\u064a\u0644 \u0627\u0644\u0645\u0628\u0644\u0644\u0629","publisher":{"@id":"https:\/\/selmagul.com\/tr\/#organization"},"potentialAction":[{"@type":"SearchAction","target":{"@type":"EntryPoint","urlTemplate":"https:\/\/selmagul.com\/tr\/?s={search_term_string}"},"query-input":{"@type":"PropertyValueSpecification","valueRequired":true,"valueName":"search_term_string"}}],"inLanguage":"tr-TR"},{"@type":"Organization","@id":"https:\/\/selmagul.com\/tr\/#organization","name":"Selmagul","url":"https:\/\/selmagul.com\/tr\/","logo":{"@type":"ImageObject","inLanguage":"tr-TR","@id":"https:\/\/selmagul.com\/tr\/#\/schema\/logo\/image\/","url":"https:\/\/selmagul.com\/wp-content\/uploads\/2024\/05\/SELMAGUL-LOGO-1.png","contentUrl":"https:\/\/selmagul.com\/wp-content\/uploads\/2024\/05\/SELMAGUL-LOGO-1.png","width":300,"height":150,"caption":"Selmagul"},"image":{"@id":"https:\/\/selmagul.com\/tr\/#\/schema\/logo\/image\/"},"sameAs":["https:\/\/www.facebook.com\/selmagulsaglik","https:\/\/x.com\/selmagulsaglik","https:\/\/www.tiktok.com\/@selmagulsaglik","https:\/\/www.instagram.com\/selmagulsaglik\/","https:\/\/www.youtube.com\/@SelmaGulSaglik"]}]}},"_links":{"self":[{"href":"https:\/\/selmagul.com\/tr\/wp-json\/wp\/v2\/pages\/821","targetHints":{"allow":["GET"]}}],"collection":[{"href":"https:\/\/selmagul.com\/tr\/wp-json\/wp\/v2\/pages"}],"about":[{"href":"https:\/\/selmagul.com\/tr\/wp-json\/wp\/v2\/types\/page"}],"author":[{"embeddable":true,"href":"https:\/\/selmagul.com\/tr\/wp-json\/wp\/v2\/users\/1"}],"replies":[{"embeddable":true,"href":"https:\/\/selmagul.com\/tr\/wp-json\/wp\/v2\/comments?post=821"}],"version-history":[{"count":8,"href":"https:\/\/selmagul.com\/tr\/wp-json\/wp\/v2\/pages\/821\/revisions"}],"predecessor-version":[{"id":1536,"href":"https:\/\/selmagul.com\/tr\/wp-json\/wp\/v2\/pages\/821\/revisions\/1536"}],"wp:attachment":[{"href":"https:\/\/selmagul.com\/tr\/wp-json\/wp\/v2\/media?parent=821"}],"curies":[{"name":"wp","href":"https:\/\/api.w.org\/{rel}","templated":true}]}}