{"id":832,"date":"2024-05-17T08:50:18","date_gmt":"2024-05-17T08:50:18","guid":{"rendered":"https:\/\/selmagul.com\/?page_id=832"},"modified":"2024-05-28T09:24:43","modified_gmt":"2024-05-28T09:24:43","slug":"biz-kimiz","status":"publish","type":"page","link":"https:\/\/selmagul.com\/tr\/biz-kimiz\/","title":{"rendered":"Biz kimiz"},"content":{"rendered":"\t\t<div data-elementor-type=\"wp-page\" data-elementor-id=\"832\" class=\"elementor elementor-832 elementor-44\" data-elementor-post-type=\"page\">\n\t\t\t\t\t\t<section class=\"elementor-section elementor-top-section elementor-element elementor-element-e0453ee elementor-section-full_width elementor-section-stretched elementor-section-height-default elementor-section-height-default\" data-id=\"e0453ee\" data-element_type=\"section\" data-settings=\"{&quot;background_background&quot;:&quot;classic&quot;,&quot;stretch_section&quot;:&quot;section-stretched&quot;}\">\n\t\t\t\t\t\t\t<div class=\"elementor-background-overlay\"><\/div>\n\t\t\t\t\t\t\t<div class=\"elementor-container elementor-column-gap-no\">\n\t\t\t\t\t<div class=\"elementor-column elementor-col-100 elementor-top-column elementor-element elementor-element-cdf9c92\" data-id=\"cdf9c92\" data-element_type=\"column\">\n\t\t\t<div class=\"elementor-widget-wrap elementor-element-populated\">\n\t\t\t\t\t\t<div class=\"elementor-element elementor-element-0409a45 elementor-widget-divider--view-line_text elementor-widget-divider--element-align-center elementor-widget elementor-widget-divider\" data-id=\"0409a45\" data-element_type=\"widget\" data-settings=\"{&quot;_animation&quot;:&quot;none&quot;}\" data-widget_type=\"divider.default\">\n\t\t\t\t<div class=\"elementor-widget-container\">\n\t\t\t\t\t<div class=\"elementor-divider\">\n\t\t\t<span class=\"elementor-divider-separator\">\n\t\t\t\t\t\t\t<div class=\"elementor-divider__text elementor-divider__element\">\n\t\t\t\tSELMA GUL\t\t\t\t<\/div>\n\t\t\t\t\t\t<\/span>\n\t\t<\/div>\n\t\t\t\t<\/div>\n\t\t\t\t<\/div>\n\t\t\t\t<div class=\"elementor-element elementor-element-c9e7de0 elementor-widget elementor-widget-heading\" data-id=\"c9e7de0\" data-element_type=\"widget\" data-settings=\"{&quot;_animation&quot;:&quot;none&quot;}\" data-widget_type=\"heading.default\">\n\t\t\t\t<div class=\"elementor-widget-container\">\n\t\t\t<h1 class=\"elementor-heading-title elementor-size-default\">Biz kimiz<\/h1>\t\t<\/div>\n\t\t\t\t<\/div>\n\t\t\t\t<div class=\"elementor-element elementor-element-db3cd02 elementor-icon-list--layout-inline elementor-align-center elementor-list-item-link-full_width elementor-widget elementor-widget-icon-list\" data-id=\"db3cd02\" data-element_type=\"widget\" data-settings=\"{&quot;_animation&quot;:&quot;none&quot;}\" data-widget_type=\"icon-list.default\">\n\t\t\t\t<div class=\"elementor-widget-container\">\n\t\t\t\t\t<ul class=\"elementor-icon-list-items elementor-inline-items\">\n\t\t\t\t\t\t\t<li class=\"elementor-icon-list-item elementor-inline-item\">\n\t\t\t\t\t\t\t\t\t\t\t<span class=\"elementor-icon-list-icon\">\n\t\t\t\t\t\t\t<svg aria-hidden=\"true\" class=\"e-font-icon-svg e-fas-home\" viewBox=\"0 0 576 512\" xmlns=\"http:\/\/www.w3.org\/2000\/svg\"><path d=\"M280.37 148.26L96 300.11V464a16 16 0 0 0 16 16l112.06-.29a16 16 0 0 0 15.92-16V368a16 16 0 0 1 16-16h64a16 16 0 0 1 16 16v95.64a16 16 0 0 0 16 16.05L464 480a16 16 0 0 0 16-16V300L295.67 148.26a12.19 12.19 0 0 0-15.3 0zM571.6 251.47L488 182.56V44.05a12 12 0 0 0-12-12h-56a12 12 0 0 0-12 12v72.61L318.47 43a48 48 0 0 0-61 0L4.34 251.47a12 12 0 0 0-1.6 16.9l25.5 31A12 12 0 0 0 45.15 301l235.22-193.74a12.19 12.19 0 0 1 15.3 0L530.9 301a12 12 0 0 0 16.9-1.6l25.5-31a12 12 0 0 0-1.7-16.93z\"><\/path><\/svg>\t\t\t\t\t\t<\/span>\n\t\t\t\t\t\t\t\t\t\t<span class=\"elementor-icon-list-text\">Ana Sayfa<\/span>\n\t\t\t\t\t\t\t\t\t<\/li>\n\t\t\t\t\t\t\t\t<li class=\"elementor-icon-list-item elementor-inline-item\">\n\t\t\t\t\t\t\t\t\t\t\t<span class=\"elementor-icon-list-icon\">\n\t\t\t\t\t\t\t<svg aria-hidden=\"true\" class=\"e-font-icon-svg e-fas-angle-right\" viewBox=\"0 0 256 512\" xmlns=\"http:\/\/www.w3.org\/2000\/svg\"><path d=\"M224.3 273l-136 136c-9.4 9.4-24.6 9.4-33.9 0l-22.6-22.6c-9.4-9.4-9.4-24.6 0-33.9l96.4-96.4-96.4-96.4c-9.4-9.4-9.4-24.6 0-33.9L54.3 103c9.4-9.4 24.6-9.4 33.9 0l136 136c9.5 9.4 9.5 24.6.1 34z\"><\/path><\/svg>\t\t\t\t\t\t<\/span>\n\t\t\t\t\t\t\t\t\t\t<span class=\"elementor-icon-list-text\"><\/span>\n\t\t\t\t\t\t\t\t\t<\/li>\n\t\t\t\t\t\t<\/ul>\n\t\t\t\t<\/div>\n\t\t\t\t<\/div>\n\t\t\t\t\t<\/div>\n\t\t<\/div>\n\t\t\t\t\t<\/div>\n\t\t<\/section>\n\t\t\t\t<section class=\"elementor-section elementor-top-section elementor-element elementor-element-795afed elementor-section-boxed elementor-section-height-default elementor-section-height-default\" data-id=\"795afed\" data-element_type=\"section\">\n\t\t\t\t\t\t<div class=\"elementor-container elementor-column-gap-default\">\n\t\t\t\t\t<div class=\"elementor-column elementor-col-50 elementor-top-column elementor-element elementor-element-3e51ab5\" data-id=\"3e51ab5\" data-element_type=\"column\">\n\t\t\t<div class=\"elementor-widget-wrap elementor-element-populated\">\n\t\t\t\t\t\t<div class=\"elementor-element elementor-element-c50e72f elementor-widget elementor-widget-heading\" data-id=\"c50e72f\" data-element_type=\"widget\" data-settings=\"{&quot;_animation&quot;:&quot;none&quot;}\" data-widget_type=\"heading.default\">\n\t\t\t\t<div class=\"elementor-widget-container\">\n\t\t\t<h2 class=\"elementor-heading-title elementor-size-default\">\u015firket SELMA G\u00dcL<\/h2>\t\t<\/div>\n\t\t\t\t<\/div>\n\t\t\t\t<div class=\"elementor-element elementor-element-51a792e elementor-widget elementor-widget-text-editor\" data-id=\"51a792e\" data-element_type=\"widget\" data-widget_type=\"text-editor.default\">\n\t\t\t\t<div class=\"elementor-widget-container\">\n\t\t\t\t\t\t\t<p>Bebek bezi ve \u0131slak mendil \u00fcretimi ve ticareti konusunda uzmanla\u015fm\u0131\u015f bir \u015firket.<\/p><p>Onlarca y\u0131ld\u0131r bebek bezleri ve mendilleri \u00fcretmek ve geli\u015ftirmek i\u00e7in \u00e7al\u0131\u015f\u0131yoruz<br \/>En iyi do\u011fal hammadde t\u00fcrleri kullan\u0131larak \u0131slat\u0131lm\u0131\u015ft\u0131r.<\/p><p>Kendi ellerimizle yapt\u0131\u011f\u0131m\u0131z ve d\u00fcnyan\u0131n her \u00fclkesindeki m\u00fc\u015fterilerimize sundu\u011fumuz her \u00fcr\u00fcnle gurur duyuyoruz.<\/p><p>M\u00fc\u015fterilerimizin memnuniyeti ve \u00fcr\u00fcnlerimizi kullanmalar\u0131, bebek bezi ve \u0131slak mendil \u00fcretiminde en iyiyi sunmaya devam etmemizi sa\u011flayan \u015feydir.<\/p>\t\t\t\t\t\t<\/div>\n\t\t\t\t<\/div>\n\t\t\t\t\t<\/div>\n\t\t<\/div>\n\t\t\t\t<div class=\"elementor-column elementor-col-50 elementor-top-column elementor-element elementor-element-d5b990c\" data-id=\"d5b990c\" data-element_type=\"column\">\n\t\t\t<div class=\"elementor-widget-wrap elementor-element-populated\">\n\t\t\t\t\t\t<div class=\"elementor-element elementor-element-2c700a2 elementor-widget elementor-widget-image\" data-id=\"2c700a2\" data-element_type=\"widget\" data-widget_type=\"image.default\">\n\t\t\t\t<div class=\"elementor-widget-container\">\n\t\t\t\t\t\t\t\t\t\t\t\t\t<img fetchpriority=\"high\" decoding=\"async\" width=\"632\" height=\"362\" src=\"https:\/\/selmagul.com\/wp-content\/uploads\/2024\/05\/ec04360058a56511048d56e5abdae18f.jpg\" class=\"attachment-full size-full wp-image-762\" alt=\"\" srcset=\"https:\/\/selmagul.com\/wp-content\/uploads\/2024\/05\/ec04360058a56511048d56e5abdae18f.jpg 632w, https:\/\/selmagul.com\/wp-content\/uploads\/2024\/05\/ec04360058a56511048d56e5abdae18f-300x172.jpg 300w\" sizes=\"(max-width: 632px) 100vw, 632px\" \/>\t\t\t\t\t\t\t\t\t\t\t\t\t<\/div>\n\t\t\t\t<\/div>\n\t\t\t\t\t<\/div>\n\t\t<\/div>\n\t\t\t\t\t<\/div>\n\t\t<\/section>\n\t\t\t\t<section class=\"elementor-section elementor-top-section elementor-element elementor-element-8dd05c1 elementor-section-boxed elementor-section-height-default elementor-section-height-default\" data-id=\"8dd05c1\" data-element_type=\"section\">\n\t\t\t\t\t\t<div class=\"elementor-container elementor-column-gap-no\">\n\t\t\t\t\t<div class=\"elementor-column elementor-col-50 elementor-top-column elementor-element elementor-element-c690063\" data-id=\"c690063\" data-element_type=\"column\">\n\t\t\t<div class=\"elementor-widget-wrap elementor-element-populated\">\n\t\t\t\t\t\t<div class=\"elementor-element elementor-element-c0d34f1 elementor-widget elementor-widget-image\" data-id=\"c0d34f1\" data-element_type=\"widget\" data-widget_type=\"image.default\">\n\t\t\t\t<div class=\"elementor-widget-container\">\n\t\t\t\t\t\t\t\t\t\t\t\t\t<img decoding=\"async\" width=\"564\" height=\"423\" src=\"https:\/\/selmagul.com\/wp-content\/uploads\/2024\/05\/967191d8d07d1a6b35618728f72c991c.jpg\" class=\"attachment-medium_large size-medium_large wp-image-681\" alt=\"\u0635\u0646\u0627\u0639\u0629 \u062d\u0641\u0627\u0636\u0627\u062a \u0627\u0637\u0641\u0627\u0644\" srcset=\"https:\/\/selmagul.com\/wp-content\/uploads\/2024\/05\/967191d8d07d1a6b35618728f72c991c.jpg 564w, https:\/\/selmagul.com\/wp-content\/uploads\/2024\/05\/967191d8d07d1a6b35618728f72c991c-300x225.jpg 300w\" sizes=\"(max-width: 564px) 100vw, 564px\" \/>\t\t\t\t\t\t\t\t\t\t\t\t\t<\/div>\n\t\t\t\t<\/div>\n\t\t\t\t\t<\/div>\n\t\t<\/div>\n\t\t\t\t<div class=\"elementor-column elementor-col-50 elementor-top-column elementor-element elementor-element-f8cddbf\" data-id=\"f8cddbf\" data-element_type=\"column\">\n\t\t\t<div class=\"elementor-widget-wrap elementor-element-populated\">\n\t\t\t\t\t\t<div class=\"elementor-element elementor-element-10db45b elementor-widget elementor-widget-heading\" data-id=\"10db45b\" data-element_type=\"widget\" data-settings=\"{&quot;_animation&quot;:&quot;none&quot;}\" data-widget_type=\"heading.default\">\n\t\t\t\t<div class=\"elementor-widget-container\">\n\t\t\t<h2 class=\"elementor-heading-title elementor-size-default\">\u015firket hakk\u0131nda bilgi:<\/h2>\t\t<\/div>\n\t\t\t\t<\/div>\n\t\t\t\t<div class=\"elementor-element elementor-element-d6b757e elementor-widget-tablet__width-initial elementor-widget elementor-widget-heading\" data-id=\"d6b757e\" data-element_type=\"widget\" data-widget_type=\"heading.default\">\n\t\t\t\t<div class=\"elementor-widget-container\">\n\t\t\t<h2 class=\"elementor-heading-title elementor-size-default\"><br>Fabrikam\u0131z, 8.000 metrekareden fazla bir alan \u00fczerinde, T\u00fcrkiye'nin Gaziantep \u015fehrinde bulunmaktad\u0131r.\n\u015eirketin Suriye'de de ikinci bir \u015fubesi bulunuyor ve \u015firketin \u00e7e\u015fitli milletlerden 100'\u00fcn \u00fczerinde \u00e7al\u0131\u015fan\u0131 ve i\u015f\u00e7isi bulunuyor.\n<br><br>D\u00fcnya \u00e7ap\u0131nda 40'tan fazla \u00fclkeye bebek bezi ve \u0131slak mendil \u00fcr\u00fcnleri ihra\u00e7 ediyoruz ve \u00fcr\u00fcnlerimizden bir milyondan fazla ki\u015fi faydalan\u0131yor.<\/h2>\t\t<\/div>\n\t\t\t\t<\/div>\n\t\t\t\t\t<\/div>\n\t\t<\/div>\n\t\t\t\t\t<\/div>\n\t\t<\/section>\n\t\t\t\t<section class=\"elementor-section elementor-top-section elementor-element elementor-element-6452128 elementor-section-boxed elementor-section-height-default elementor-section-height-default\" data-id=\"6452128\" data-element_type=\"section\">\n\t\t\t\t\t\t<div class=\"elementor-container elementor-column-gap-no\">\n\t\t\t\t\t<div class=\"elementor-column elementor-col-50 elementor-top-column elementor-element elementor-element-662679e\" data-id=\"662679e\" data-element_type=\"column\">\n\t\t\t<div class=\"elementor-widget-wrap elementor-element-populated\">\n\t\t\t\t\t\t<div class=\"elementor-element elementor-element-2ec4481 elementor-widget elementor-widget-heading\" data-id=\"2ec4481\" data-element_type=\"widget\" data-settings=\"{&quot;_animation&quot;:&quot;none&quot;}\" data-widget_type=\"heading.default\">\n\t\t\t\t<div class=\"elementor-widget-container\">\n\t\t\t<h2 class=\"elementor-heading-title elementor-size-default\">Selma G\u00fcl Firma Acenteleri:<\/h2>\t\t<\/div>\n\t\t\t\t<\/div>\n\t\t\t\t<div class=\"elementor-element elementor-element-498fe64 elementor-widget-tablet__width-initial elementor-widget elementor-widget-heading\" data-id=\"498fe64\" data-element_type=\"widget\" data-widget_type=\"heading.default\">\n\t\t\t\t<div class=\"elementor-widget-container\">\n\t\t\t<h2 class=\"elementor-heading-title elementor-size-default\">\u015eirket, t\u00fcm acentelere b\u00fcy\u00fck avantajlar sunuyor ve onlara pazarlarda rekabet etmelerine yard\u0131mc\u0131 olmak i\u00e7in en iyi fiyatlar\u0131 ve ola\u011fan\u00fcst\u00fc kaliteyi garanti ediyor.\n<br><br>Ayr\u0131ca, ko\u015fullar ne olursa olsun acentelere y\u0131l boyunca durmadan \u00fcr\u00fcn ihra\u00e7 etme garantisi veriyoruz. Salma G\u00fcl'\u00fcn yetkili acentelerinden biri olmak i\u00e7in bizimle do\u011frudan WhatsApp'tan ileti\u015fime ge\u00e7ebilirsiniz.<\/h2>\t\t<\/div>\n\t\t\t\t<\/div>\n\t\t\t\t<div class=\"elementor-element elementor-element-26c89a9 elementor-align-center elementor-widget elementor-widget-button\" data-id=\"26c89a9\" data-element_type=\"widget\" data-widget_type=\"button.default\">\n\t\t\t\t<div class=\"elementor-widget-container\">\n\t\t\t\t\t\t\t<div class=\"elementor-button-wrapper\">\n\t\t\t\t\t<a class=\"elementor-button elementor-button-link elementor-size-sm\" href=\"https:\/\/api.whatsapp.com\/send\/?phone=905527386075\">\n\t\t\t\t\t\t<span class=\"elementor-button-content-wrapper\">\n\t\t\t\t\t\t\t\t\t<span class=\"elementor-button-text\">WhatsApp ileti\u015fim<\/span>\n\t\t\t\t\t<\/span>\n\t\t\t\t\t<\/a>\n\t\t\t\t<\/div>\n\t\t\t\t\t\t<\/div>\n\t\t\t\t<\/div>\n\t\t\t\t\t<\/div>\n\t\t<\/div>\n\t\t\t\t<div class=\"elementor-column elementor-col-50 elementor-top-column elementor-element elementor-element-0d6a20d\" data-id=\"0d6a20d\" data-element_type=\"column\">\n\t\t\t<div class=\"elementor-widget-wrap elementor-element-populated\">\n\t\t\t\t\t\t<div class=\"elementor-element elementor-element-14cd7ca elementor-widget elementor-widget-image\" data-id=\"14cd7ca\" data-element_type=\"widget\" data-widget_type=\"image.default\">\n\t\t\t\t<div class=\"elementor-widget-container\">\n\t\t\t\t\t\t\t\t\t\t\t\t\t<img decoding=\"async\" width=\"730\" height=\"449\" src=\"https:\/\/selmagul.com\/wp-content\/uploads\/2024\/05\/cha-de-bebe-59-730x449-1.jpg\" class=\"attachment-medium_large size-medium_large wp-image-759\" alt=\"\u0645\u0635\u0646\u0639 \u0644\u0635\u0646\u0627\u0639\u0629 \u062d\u0641\u0627\u0636\u0627\u062a \u0627\u0637\u0641\u0627\u0644\" srcset=\"https:\/\/selmagul.com\/wp-content\/uploads\/2024\/05\/cha-de-bebe-59-730x449-1.jpg 730w, https:\/\/selmagul.com\/wp-content\/uploads\/2024\/05\/cha-de-bebe-59-730x449-1-300x185.jpg 300w\" sizes=\"(max-width: 730px) 100vw, 730px\" \/>\t\t\t\t\t\t\t\t\t\t\t\t\t<\/div>\n\t\t\t\t<\/div>\n\t\t\t\t\t<\/div>\n\t\t<\/div>\n\t\t\t\t\t<\/div>\n\t\t<\/section>\n\t\t\t\t<\/div>\n\t\t","protected":false},"excerpt":{"rendered":"<p>SELMA GUL Biz kimiz Ana Sayfa \u015firket SELMA G\u00dcL Bebek bezi ve \u0131slak mendil \u00fcretimi ve ticareti konusunda uzmanla\u015fm\u0131\u015f bir \u015firket. Onlarca y\u0131ld\u0131r bebek bezleri ve mendilleri \u00fcretmek ve geli\u015ftirmek i\u00e7in \u00e7al\u0131\u015f\u0131yoruzEn iyi do\u011fal hammadde t\u00fcrleri kullan\u0131larak \u0131slat\u0131lm\u0131\u015ft\u0131r. Kendi ellerimizle yapt\u0131\u011f\u0131m\u0131z ve d\u00fcnyan\u0131n her \u00fclkesindeki m\u00fc\u015fterilerimize sundu\u011fumuz her \u00fcr\u00fcnle gurur duyuyoruz. M\u00fc\u015fterilerimizin memnuniyeti ve \u00fcr\u00fcnlerimizi [&hellip;]<\/p>\n","protected":false},"author":1,"featured_media":0,"parent":0,"menu_order":0,"comment_status":"closed","ping_status":"closed","template":"elementor_header_footer","meta":{"footnotes":""},"class_list":["post-832","page","type-page","status-publish","hentry"],"yoast_head":"<!-- This site is optimized with the Yoast SEO plugin v24.0 - https:\/\/yoast.com\/wordpress\/plugins\/seo\/ -->\n<title>Biz kimiz - Selmagul<\/title>\n<meta name=\"robots\" content=\"index, follow, max-snippet:-1, max-image-preview:large, max-video-preview:-1\" \/>\n<link rel=\"canonical\" href=\"https:\/\/selmagul.com\/tr\/biz-kimiz\/\" \/>\n<meta property=\"og:locale\" content=\"tr_TR\" \/>\n<meta property=\"og:type\" content=\"article\" \/>\n<meta property=\"og:title\" content=\"Biz kimiz - Selmagul\" \/>\n<meta property=\"og:description\" content=\"SELMA GUL Biz kimiz Ana Sayfa \u015firket SELMA G\u00dcL Bebek bezi ve \u0131slak mendil \u00fcretimi ve ticareti konusunda uzmanla\u015fm\u0131\u015f bir \u015firket. Onlarca y\u0131ld\u0131r bebek bezleri ve mendilleri \u00fcretmek ve geli\u015ftirmek i\u00e7in \u00e7al\u0131\u015f\u0131yoruzEn iyi do\u011fal hammadde t\u00fcrleri kullan\u0131larak \u0131slat\u0131lm\u0131\u015ft\u0131r. Kendi ellerimizle yapt\u0131\u011f\u0131m\u0131z ve d\u00fcnyan\u0131n her \u00fclkesindeki m\u00fc\u015fterilerimize sundu\u011fumuz her \u00fcr\u00fcnle gurur duyuyoruz. M\u00fc\u015fterilerimizin memnuniyeti ve \u00fcr\u00fcnlerimizi [&hellip;]\" \/>\n<meta property=\"og:url\" content=\"https:\/\/selmagul.com\/tr\/biz-kimiz\/\" \/>\n<meta property=\"og:site_name\" content=\"Selmagul\" \/>\n<meta property=\"article:publisher\" content=\"https:\/\/www.facebook.com\/selmagulsaglik\" \/>\n<meta property=\"article:modified_time\" content=\"2024-05-28T09:24:43+00:00\" \/>\n<meta property=\"og:image\" content=\"https:\/\/selmagul.com\/wp-content\/uploads\/2024\/05\/ec04360058a56511048d56e5abdae18f.jpg\" \/>\n<meta name=\"twitter:card\" content=\"summary_large_image\" \/>\n<meta name=\"twitter:site\" content=\"@selmagulsaglik\" \/>\n<meta name=\"twitter:label1\" content=\"Est. reading time\" \/>\n\t<meta name=\"twitter:data1\" content=\"1 minute\" \/>\n<script type=\"application\/ld+json\" class=\"yoast-schema-graph\">{\"@context\":\"https:\/\/schema.org\",\"@graph\":[{\"@type\":\"WebPage\",\"@id\":\"https:\/\/selmagul.com\/tr\/biz-kimiz\/\",\"url\":\"https:\/\/selmagul.com\/tr\/biz-kimiz\/\",\"name\":\"Biz kimiz - Selmagul\",\"isPartOf\":{\"@id\":\"https:\/\/selmagul.com\/tr\/#website\"},\"primaryImageOfPage\":{\"@id\":\"https:\/\/selmagul.com\/tr\/biz-kimiz\/#primaryimage\"},\"image\":{\"@id\":\"https:\/\/selmagul.com\/tr\/biz-kimiz\/#primaryimage\"},\"thumbnailUrl\":\"https:\/\/selmagul.com\/wp-content\/uploads\/2024\/05\/ec04360058a56511048d56e5abdae18f.jpg\",\"datePublished\":\"2024-05-17T08:50:18+00:00\",\"dateModified\":\"2024-05-28T09:24:43+00:00\",\"breadcrumb\":{\"@id\":\"https:\/\/selmagul.com\/tr\/biz-kimiz\/#breadcrumb\"},\"inLanguage\":\"tr-TR\",\"potentialAction\":[{\"@type\":\"ReadAction\",\"target\":[\"https:\/\/selmagul.com\/tr\/biz-kimiz\/\"]}]},{\"@type\":\"ImageObject\",\"inLanguage\":\"tr-TR\",\"@id\":\"https:\/\/selmagul.com\/tr\/biz-kimiz\/#primaryimage\",\"url\":\"https:\/\/selmagul.com\/wp-content\/uploads\/2024\/05\/ec04360058a56511048d56e5abdae18f.jpg\",\"contentUrl\":\"https:\/\/selmagul.com\/wp-content\/uploads\/2024\/05\/ec04360058a56511048d56e5abdae18f.jpg\"},{\"@type\":\"BreadcrumbList\",\"@id\":\"https:\/\/selmagul.com\/tr\/biz-kimiz\/#breadcrumb\",\"itemListElement\":[{\"@type\":\"ListItem\",\"position\":1,\"name\":\"\u0627\u0644\u0631\u0626\u064a\u0633\u064a\u0629\",\"item\":\"https:\/\/selmagul.com\/tr\/\"},{\"@type\":\"ListItem\",\"position\":2,\"name\":\"Biz kimiz\"}]},{\"@type\":\"WebSite\",\"@id\":\"https:\/\/selmagul.com\/tr\/#website\",\"url\":\"https:\/\/selmagul.com\/tr\/\",\"name\":\"Selmagul\",\"description\":\"\u0634\u0631\u0643\u0629 \u0633\u0644\u0645\u0649 \u063a\u0648\u0644 \u0644\u0635\u0646\u0627\u0639\u0629 \u062d\u0641\u0627\u0638\u0627\u062a \u0627\u0644\u0623\u0637\u0641\u0627\u0644 \u0648\u0627\u0644\u0645\u0646\u0627\u062f\u064a\u0644 \u0627\u0644\u0645\u0628\u0644\u0644\u0629\",\"publisher\":{\"@id\":\"https:\/\/selmagul.com\/tr\/#organization\"},\"potentialAction\":[{\"@type\":\"SearchAction\",\"target\":{\"@type\":\"EntryPoint\",\"urlTemplate\":\"https:\/\/selmagul.com\/tr\/?s={search_term_string}\"},\"query-input\":{\"@type\":\"PropertyValueSpecification\",\"valueRequired\":true,\"valueName\":\"search_term_string\"}}],\"inLanguage\":\"tr-TR\"},{\"@type\":\"Organization\",\"@id\":\"https:\/\/selmagul.com\/tr\/#organization\",\"name\":\"Selmagul\",\"url\":\"https:\/\/selmagul.com\/tr\/\",\"logo\":{\"@type\":\"ImageObject\",\"inLanguage\":\"tr-TR\",\"@id\":\"https:\/\/selmagul.com\/tr\/#\/schema\/logo\/image\/\",\"url\":\"https:\/\/selmagul.com\/wp-content\/uploads\/2024\/05\/SELMAGUL-LOGO-1.png\",\"contentUrl\":\"https:\/\/selmagul.com\/wp-content\/uploads\/2024\/05\/SELMAGUL-LOGO-1.png\",\"width\":300,\"height\":150,\"caption\":\"Selmagul\"},\"image\":{\"@id\":\"https:\/\/selmagul.com\/tr\/#\/schema\/logo\/image\/\"},\"sameAs\":[\"https:\/\/www.facebook.com\/selmagulsaglik\",\"https:\/\/x.com\/selmagulsaglik\",\"https:\/\/www.tiktok.com\/@selmagulsaglik\",\"https:\/\/www.instagram.com\/selmagulsaglik\/\",\"https:\/\/www.youtube.com\/@SelmaGulSaglik\"]}]}<\/script>\n<!-- \/ Yoast SEO plugin. -->","yoast_head_json":{"title":"Biz kimiz - Selmagul","robots":{"index":"index","follow":"follow","max-snippet":"max-snippet:-1","max-image-preview":"max-image-preview:large","max-video-preview":"max-video-preview:-1"},"canonical":"https:\/\/selmagul.com\/tr\/biz-kimiz\/","og_locale":"tr_TR","og_type":"article","og_title":"Biz kimiz - Selmagul","og_description":"SELMA GUL Biz kimiz Ana Sayfa \u015firket SELMA G\u00dcL Bebek bezi ve \u0131slak mendil \u00fcretimi ve ticareti konusunda uzmanla\u015fm\u0131\u015f bir \u015firket. Onlarca y\u0131ld\u0131r bebek bezleri ve mendilleri \u00fcretmek ve geli\u015ftirmek i\u00e7in \u00e7al\u0131\u015f\u0131yoruzEn iyi do\u011fal hammadde t\u00fcrleri kullan\u0131larak \u0131slat\u0131lm\u0131\u015ft\u0131r. Kendi ellerimizle yapt\u0131\u011f\u0131m\u0131z ve d\u00fcnyan\u0131n her \u00fclkesindeki m\u00fc\u015fterilerimize sundu\u011fumuz her \u00fcr\u00fcnle gurur duyuyoruz. M\u00fc\u015fterilerimizin memnuniyeti ve \u00fcr\u00fcnlerimizi [&hellip;]","og_url":"https:\/\/selmagul.com\/tr\/biz-kimiz\/","og_site_name":"Selmagul","article_publisher":"https:\/\/www.facebook.com\/selmagulsaglik","article_modified_time":"2024-05-28T09:24:43+00:00","og_image":[{"url":"https:\/\/selmagul.com\/wp-content\/uploads\/2024\/05\/ec04360058a56511048d56e5abdae18f.jpg","type":"","width":"","height":""}],"twitter_card":"summary_large_image","twitter_site":"@selmagulsaglik","twitter_misc":{"Est. reading time":"1 minute"},"schema":{"@context":"https:\/\/schema.org","@graph":[{"@type":"WebPage","@id":"https:\/\/selmagul.com\/tr\/biz-kimiz\/","url":"https:\/\/selmagul.com\/tr\/biz-kimiz\/","name":"Biz kimiz - Selmagul","isPartOf":{"@id":"https:\/\/selmagul.com\/tr\/#website"},"primaryImageOfPage":{"@id":"https:\/\/selmagul.com\/tr\/biz-kimiz\/#primaryimage"},"image":{"@id":"https:\/\/selmagul.com\/tr\/biz-kimiz\/#primaryimage"},"thumbnailUrl":"https:\/\/selmagul.com\/wp-content\/uploads\/2024\/05\/ec04360058a56511048d56e5abdae18f.jpg","datePublished":"2024-05-17T08:50:18+00:00","dateModified":"2024-05-28T09:24:43+00:00","breadcrumb":{"@id":"https:\/\/selmagul.com\/tr\/biz-kimiz\/#breadcrumb"},"inLanguage":"tr-TR","potentialAction":[{"@type":"ReadAction","target":["https:\/\/selmagul.com\/tr\/biz-kimiz\/"]}]},{"@type":"ImageObject","inLanguage":"tr-TR","@id":"https:\/\/selmagul.com\/tr\/biz-kimiz\/#primaryimage","url":"https:\/\/selmagul.com\/wp-content\/uploads\/2024\/05\/ec04360058a56511048d56e5abdae18f.jpg","contentUrl":"https:\/\/selmagul.com\/wp-content\/uploads\/2024\/05\/ec04360058a56511048d56e5abdae18f.jpg"},{"@type":"BreadcrumbList","@id":"https:\/\/selmagul.com\/tr\/biz-kimiz\/#breadcrumb","itemListElement":[{"@type":"ListItem","position":1,"name":"\u0627\u0644\u0631\u0626\u064a\u0633\u064a\u0629","item":"https:\/\/selmagul.com\/tr\/"},{"@type":"ListItem","position":2,"name":"Biz kimiz"}]},{"@type":"WebSite","@id":"https:\/\/selmagul.com\/tr\/#website","url":"https:\/\/selmagul.com\/tr\/","name":"Selmagul","description":"\u0634\u0631\u0643\u0629 \u0633\u0644\u0645\u0649 \u063a\u0648\u0644 \u0644\u0635\u0646\u0627\u0639\u0629 \u062d\u0641\u0627\u0638\u0627\u062a \u0627\u0644\u0623\u0637\u0641\u0627\u0644 \u0648\u0627\u0644\u0645\u0646\u0627\u062f\u064a\u0644 \u0627\u0644\u0645\u0628\u0644\u0644\u0629","publisher":{"@id":"https:\/\/selmagul.com\/tr\/#organization"},"potentialAction":[{"@type":"SearchAction","target":{"@type":"EntryPoint","urlTemplate":"https:\/\/selmagul.com\/tr\/?s={search_term_string}"},"query-input":{"@type":"PropertyValueSpecification","valueRequired":true,"valueName":"search_term_string"}}],"inLanguage":"tr-TR"},{"@type":"Organization","@id":"https:\/\/selmagul.com\/tr\/#organization","name":"Selmagul","url":"https:\/\/selmagul.com\/tr\/","logo":{"@type":"ImageObject","inLanguage":"tr-TR","@id":"https:\/\/selmagul.com\/tr\/#\/schema\/logo\/image\/","url":"https:\/\/selmagul.com\/wp-content\/uploads\/2024\/05\/SELMAGUL-LOGO-1.png","contentUrl":"https:\/\/selmagul.com\/wp-content\/uploads\/2024\/05\/SELMAGUL-LOGO-1.png","width":300,"height":150,"caption":"Selmagul"},"image":{"@id":"https:\/\/selmagul.com\/tr\/#\/schema\/logo\/image\/"},"sameAs":["https:\/\/www.facebook.com\/selmagulsaglik","https:\/\/x.com\/selmagulsaglik","https:\/\/www.tiktok.com\/@selmagulsaglik","https:\/\/www.instagram.com\/selmagulsaglik\/","https:\/\/www.youtube.com\/@SelmaGulSaglik"]}]}},"_links":{"self":[{"href":"https:\/\/selmagul.com\/tr\/wp-json\/wp\/v2\/pages\/832","targetHints":{"allow":["GET"]}}],"collection":[{"href":"https:\/\/selmagul.com\/tr\/wp-json\/wp\/v2\/pages"}],"about":[{"href":"https:\/\/selmagul.com\/tr\/wp-json\/wp\/v2\/types\/page"}],"author":[{"embeddable":true,"href":"https:\/\/selmagul.com\/tr\/wp-json\/wp\/v2\/users\/1"}],"replies":[{"embeddable":true,"href":"https:\/\/selmagul.com\/tr\/wp-json\/wp\/v2\/comments?post=832"}],"version-history":[{"count":10,"href":"https:\/\/selmagul.com\/tr\/wp-json\/wp\/v2\/pages\/832\/revisions"}],"predecessor-version":[{"id":1603,"href":"https:\/\/selmagul.com\/tr\/wp-json\/wp\/v2\/pages\/832\/revisions\/1603"}],"wp:attachment":[{"href":"https:\/\/selmagul.com\/tr\/wp-json\/wp\/v2\/media?parent=832"}],"curies":[{"name":"wp","href":"https:\/\/api.w.org\/{rel}","templated":true}]}}